{"id":7826,"date":"2025-06-04T22:01:30","date_gmt":"2025-06-04T22:01:30","guid":{"rendered":"https:\/\/vidao.mx\/?post_type=product&#038;p=7826"},"modified":"2026-03-26T18:49:45","modified_gmt":"2026-03-26T18:49:45","slug":"plato-de-carton-5-23cm","status":"publish","type":"product","link":"https:\/\/vidao.mx\/en\/product\/plato-de-carton-5-23cm\/","title":{"rendered":"Plato de cart\u00f3n #5 (23 cm)"},"content":{"rendered":"<p>Nuestros platos de papel son la opci\u00f3n perfecta para tus eventos y comidas diarias. Ligeros y pr\u00e1cticos, ofrecen la comodidad que buscas sin complicaciones. Son ideales para servir una variedad de alimentos, desde snacks hasta comidas completas.<\/p>","protected":false},"excerpt":{"rendered":"<p>Nuestros platos de papel son la opci\u00f3n perfecta para tus eventos y comidas diarias. Ligeros y pr\u00e1cticos, ofrecen la comodidad que buscas sin complicaciones. Son ideales para servir una variedad de alimentos, desde snacks hasta comidas completas.<\/p>","protected":false},"featured_media":7829,"comment_status":"closed","ping_status":"closed","template":"","meta":[],"product_brand":[],"product_cat":[192,187,168],"product_tag":[],"class_list":{"0":"post-7826","1":"product","2":"type-product","3":"status-publish","4":"has-post-thumbnail","6":"product_cat-papel","7":"product_cat-platos","8":"product_cat-platos-de-papel","10":"first","11":"instock","12":"taxable","13":"shipping-taxable","14":"purchasable","15":"product-type-variable","16":"has-default-attributes"},"aioseo_notices":[],"jetpack_sharing_enabled":true,"_links":{"self":[{"href":"https:\/\/vidao.mx\/en\/wp-json\/wp\/v2\/product\/7826","targetHints":{"allow":["GET"]}}],"collection":[{"href":"https:\/\/vidao.mx\/en\/wp-json\/wp\/v2\/product"}],"about":[{"href":"https:\/\/vidao.mx\/en\/wp-json\/wp\/v2\/types\/product"}],"replies":[{"embeddable":true,"href":"https:\/\/vidao.mx\/en\/wp-json\/wp\/v2\/comments?post=7826"}],"wp:featuredmedia":[{"embeddable":true,"href":"https:\/\/vidao.mx\/en\/wp-json\/wp\/v2\/media\/7829"}],"wp:attachment":[{"href":"https:\/\/vidao.mx\/en\/wp-json\/wp\/v2\/media?parent=7826"}],"wp:term":[{"taxonomy":"product_brand","embeddable":true,"href":"https:\/\/vidao.mx\/en\/wp-json\/wp\/v2\/product_brand?post=7826"},{"taxonomy":"product_cat","embeddable":true,"href":"https:\/\/vidao.mx\/en\/wp-json\/wp\/v2\/product_cat?post=7826"},{"taxonomy":"product_tag","embeddable":true,"href":"https:\/\/vidao.mx\/en\/wp-json\/wp\/v2\/product_tag?post=7826"}],"curies":[{"name":"wp","href":"https:\/\/api.w.org\/{rel}","templated":true}]}}