{"id":7897,"date":"2025-06-05T16:43:08","date_gmt":"2025-06-05T16:43:08","guid":{"rendered":"https:\/\/vidao.mx\/?post_type=product&#038;p=7897"},"modified":"2026-03-26T18:58:02","modified_gmt":"2026-03-26T18:58:02","slug":"vaso-de-papel-10-oz","status":"publish","type":"product","link":"https:\/\/vidao.mx\/en\/product\/vaso-de-papel-10-oz\/","title":{"rendered":"Vaso de papel 10 oz"},"content":{"rendered":"<p>Nuestros <strong>vasos de papel<\/strong> son la soluci\u00f3n pr\u00e1ctica y eco-amigable para tus bebidas favoritas. Perfectos para cualquier ocasi\u00f3n, desde caf\u00e9 caliente hasta bebidas fr\u00edas, ofrecen comodidad sin sacrificar el cuidado del medio ambiente. Son resistentes y vers\u00e1tiles, ideales para el d\u00eda a d\u00eda o tus eventos especiales.<\/p>","protected":false},"excerpt":{"rendered":"<p>Nuestros vasos de papel son la soluci\u00f3n pr\u00e1ctica y eco-amigable para tus bebidas favoritas. Perfectos para cualquier ocasi\u00f3n, desde caf\u00e9 caliente hasta bebidas fr\u00edas, ofrecen comodidad sin sacrificar el cuidado del medio ambiente. Son resistentes y vers\u00e1tiles, ideales para el d\u00eda a d\u00eda o tus eventos especiales.<\/p>","protected":false},"featured_media":7883,"comment_status":"closed","ping_status":"closed","template":"","meta":[],"product_brand":[],"product_cat":[192,188,169],"product_tag":[],"class_list":{"0":"post-7897","1":"product","2":"type-product","3":"status-publish","4":"has-post-thumbnail","6":"product_cat-papel","7":"product_cat-vasos","8":"product_cat-vasos-de-papel","10":"first","11":"instock","12":"taxable","13":"shipping-taxable","14":"purchasable","15":"product-type-variable","16":"has-default-attributes"},"aioseo_notices":[],"jetpack_sharing_enabled":true,"_links":{"self":[{"href":"https:\/\/vidao.mx\/en\/wp-json\/wp\/v2\/product\/7897","targetHints":{"allow":["GET"]}}],"collection":[{"href":"https:\/\/vidao.mx\/en\/wp-json\/wp\/v2\/product"}],"about":[{"href":"https:\/\/vidao.mx\/en\/wp-json\/wp\/v2\/types\/product"}],"replies":[{"embeddable":true,"href":"https:\/\/vidao.mx\/en\/wp-json\/wp\/v2\/comments?post=7897"}],"wp:featuredmedia":[{"embeddable":true,"href":"https:\/\/vidao.mx\/en\/wp-json\/wp\/v2\/media\/7883"}],"wp:attachment":[{"href":"https:\/\/vidao.mx\/en\/wp-json\/wp\/v2\/media?parent=7897"}],"wp:term":[{"taxonomy":"product_brand","embeddable":true,"href":"https:\/\/vidao.mx\/en\/wp-json\/wp\/v2\/product_brand?post=7897"},{"taxonomy":"product_cat","embeddable":true,"href":"https:\/\/vidao.mx\/en\/wp-json\/wp\/v2\/product_cat?post=7897"},{"taxonomy":"product_tag","embeddable":true,"href":"https:\/\/vidao.mx\/en\/wp-json\/wp\/v2\/product_tag?post=7897"}],"curies":[{"name":"wp","href":"https:\/\/api.w.org\/{rel}","templated":true}]}}