{"id":7955,"date":"2025-06-05T18:36:56","date_gmt":"2025-06-05T18:36:56","guid":{"rendered":"https:\/\/vidao.mx\/?post_type=product&#038;p=7955"},"modified":"2026-03-26T18:56:48","modified_gmt":"2026-03-26T18:56:48","slug":"vaso-de-papel-doble-pared-12-oz","status":"publish","type":"product","link":"https:\/\/vidao.mx\/en\/product\/vaso-de-papel-doble-pared-12-oz\/","title":{"rendered":"Vaso de papel doble pared 12 oz"},"content":{"rendered":"<p>Experimenta la m\u00e1xima comodidad con nuestros <strong>vasos de papel doble pared<\/strong>. Su dise\u00f1o innovador crea una capa de aire aislante que mantiene tus bebidas calientes por m\u00e1s tiempo, protegiendo tus manos del calor. Son la opci\u00f3n premium para caf\u00e9, t\u00e9 y otras bebidas calientes, ofreciendo una experiencia de consumo superior sin necesidad de fundas adicionales.<\/p>","protected":false},"excerpt":{"rendered":"<p>Experimenta la m\u00e1xima comodidad con nuestros vasos de papel doble pared. Su dise\u00f1o innovador crea una capa de aire aislante que mantiene tus bebidas calientes por m\u00e1s tiempo, protegiendo tus manos del calor. Son la opci\u00f3n premium para caf\u00e9, t\u00e9 y otras bebidas calientes, ofreciendo una experiencia de consumo superior sin necesidad de fundas adicionales.<\/p>","protected":false},"featured_media":7963,"comment_status":"closed","ping_status":"closed","template":"","meta":[],"product_brand":[],"product_cat":[192,188,169],"product_tag":[],"class_list":{"0":"post-7955","1":"product","2":"type-product","3":"status-publish","4":"has-post-thumbnail","6":"product_cat-papel","7":"product_cat-vasos","8":"product_cat-vasos-de-papel","10":"first","11":"instock","12":"taxable","13":"shipping-taxable","14":"purchasable","15":"product-type-variable","16":"has-default-attributes"},"aioseo_notices":[],"jetpack_sharing_enabled":true,"_links":{"self":[{"href":"https:\/\/vidao.mx\/en\/wp-json\/wp\/v2\/product\/7955","targetHints":{"allow":["GET"]}}],"collection":[{"href":"https:\/\/vidao.mx\/en\/wp-json\/wp\/v2\/product"}],"about":[{"href":"https:\/\/vidao.mx\/en\/wp-json\/wp\/v2\/types\/product"}],"replies":[{"embeddable":true,"href":"https:\/\/vidao.mx\/en\/wp-json\/wp\/v2\/comments?post=7955"}],"wp:featuredmedia":[{"embeddable":true,"href":"https:\/\/vidao.mx\/en\/wp-json\/wp\/v2\/media\/7963"}],"wp:attachment":[{"href":"https:\/\/vidao.mx\/en\/wp-json\/wp\/v2\/media?parent=7955"}],"wp:term":[{"taxonomy":"product_brand","embeddable":true,"href":"https:\/\/vidao.mx\/en\/wp-json\/wp\/v2\/product_brand?post=7955"},{"taxonomy":"product_cat","embeddable":true,"href":"https:\/\/vidao.mx\/en\/wp-json\/wp\/v2\/product_cat?post=7955"},{"taxonomy":"product_tag","embeddable":true,"href":"https:\/\/vidao.mx\/en\/wp-json\/wp\/v2\/product_tag?post=7955"}],"curies":[{"name":"wp","href":"https:\/\/api.w.org\/{rel}","templated":true}]}}