{"id":7986,"date":"2025-06-05T19:28:05","date_gmt":"2025-06-05T19:28:05","guid":{"rendered":"https:\/\/vidao.mx\/?post_type=product&#038;p=7986"},"modified":"2026-03-26T19:23:29","modified_gmt":"2026-03-26T19:23:29","slug":"tapa-para-vaso-de-papel-con-popote-10-12-16-20-oz","status":"publish","type":"product","link":"https:\/\/vidao.mx\/en\/product\/tapa-para-vaso-de-papel-con-popote-10-12-16-20-oz\/","title":{"rendered":"Tapa para vaso de papel con popote 10\/12\/16\/20 oz"},"content":{"rendered":"<p>Complementa tus bebidas con nuestras <strong>tapas para vasos de papel<\/strong>, dise\u00f1adas para ofrecer un cierre seguro y evitar derrames. Ideales para llevar tu caf\u00e9 o cualquier bebida fr\u00eda o caliente, estas tapas aseguran la higiene y la comodidad, permiti\u00e9ndote disfrutar de tus bebidas sin preocupaciones.<\/p>","protected":false},"excerpt":{"rendered":"<p>Complementa tus bebidas con nuestras tapas para vasos de papel, dise\u00f1adas para ofrecer un cierre seguro y evitar derrames. Ideales para llevar tu caf\u00e9 o cualquier bebida fr\u00eda o caliente, estas tapas aseguran la higiene y la comodidad, permiti\u00e9ndote disfrutar de tus bebidas sin preocupaciones.<\/p>","protected":false},"featured_media":7988,"comment_status":"closed","ping_status":"closed","template":"","meta":[],"product_brand":[],"product_cat":[192,188,169],"product_tag":[],"class_list":{"0":"post-7986","1":"product","2":"type-product","3":"status-publish","4":"has-post-thumbnail","6":"product_cat-papel","7":"product_cat-vasos","8":"product_cat-vasos-de-papel","10":"first","11":"instock","12":"taxable","13":"shipping-taxable","14":"purchasable","15":"product-type-variable"},"aioseo_notices":[],"jetpack_sharing_enabled":true,"_links":{"self":[{"href":"https:\/\/vidao.mx\/en\/wp-json\/wp\/v2\/product\/7986","targetHints":{"allow":["GET"]}}],"collection":[{"href":"https:\/\/vidao.mx\/en\/wp-json\/wp\/v2\/product"}],"about":[{"href":"https:\/\/vidao.mx\/en\/wp-json\/wp\/v2\/types\/product"}],"replies":[{"embeddable":true,"href":"https:\/\/vidao.mx\/en\/wp-json\/wp\/v2\/comments?post=7986"}],"wp:featuredmedia":[{"embeddable":true,"href":"https:\/\/vidao.mx\/en\/wp-json\/wp\/v2\/media\/7988"}],"wp:attachment":[{"href":"https:\/\/vidao.mx\/en\/wp-json\/wp\/v2\/media?parent=7986"}],"wp:term":[{"taxonomy":"product_brand","embeddable":true,"href":"https:\/\/vidao.mx\/en\/wp-json\/wp\/v2\/product_brand?post=7986"},{"taxonomy":"product_cat","embeddable":true,"href":"https:\/\/vidao.mx\/en\/wp-json\/wp\/v2\/product_cat?post=7986"},{"taxonomy":"product_tag","embeddable":true,"href":"https:\/\/vidao.mx\/en\/wp-json\/wp\/v2\/product_tag?post=7986"}],"curies":[{"name":"wp","href":"https:\/\/api.w.org\/{rel}","templated":true}]}}