{"id":8003,"date":"2025-06-05T21:49:44","date_gmt":"2025-06-05T21:49:44","guid":{"rendered":"https:\/\/vidao.mx\/?post_type=product&#038;p=8003"},"modified":"2026-03-26T18:53:25","modified_gmt":"2026-03-26T18:53:25","slug":"charola-snack-40","status":"publish","type":"product","link":"https:\/\/vidao.mx\/en\/product\/charola-snack-40\/","title":{"rendered":"Charola snack #40"},"content":{"rendered":"<p>Nuestras <strong>charolas de cart\u00f3n<\/strong> son la soluci\u00f3n perfecta para presentar y transportar alimentos de manera pr\u00e1ctica y segura. Ideales para reposter\u00eda, snacks o comidas para llevar, ofrecen resistencia y un dise\u00f1o funcional que facilita su uso en cualquier ocasi\u00f3n. Son una opci\u00f3n vers\u00e1til y conveniente para tus necesidades de empaque.<\/p>","protected":false},"excerpt":{"rendered":"<p>Nuestras charolas de cart\u00f3n son la soluci\u00f3n perfecta para presentar y transportar alimentos de manera pr\u00e1ctica y segura. Ideales para reposter\u00eda, snacks o comidas para llevar, ofrecen resistencia y un dise\u00f1o funcional que facilita su uso en cualquier ocasi\u00f3n. Son una opci\u00f3n vers\u00e1til y conveniente para tus necesidades de empaque.<\/p>","protected":false},"featured_media":8007,"comment_status":"closed","ping_status":"closed","template":"","meta":[],"product_brand":[],"product_cat":[186,173,192],"product_tag":[],"class_list":{"0":"post-8003","1":"product","2":"type-product","3":"status-publish","4":"has-post-thumbnail","6":"product_cat-charolas","7":"product_cat-charolas-snack","8":"product_cat-papel","10":"first","11":"instock","12":"taxable","13":"shipping-taxable","14":"purchasable","15":"product-type-variable","16":"has-default-attributes"},"aioseo_notices":[],"jetpack_sharing_enabled":true,"_links":{"self":[{"href":"https:\/\/vidao.mx\/en\/wp-json\/wp\/v2\/product\/8003","targetHints":{"allow":["GET"]}}],"collection":[{"href":"https:\/\/vidao.mx\/en\/wp-json\/wp\/v2\/product"}],"about":[{"href":"https:\/\/vidao.mx\/en\/wp-json\/wp\/v2\/types\/product"}],"replies":[{"embeddable":true,"href":"https:\/\/vidao.mx\/en\/wp-json\/wp\/v2\/comments?post=8003"}],"wp:featuredmedia":[{"embeddable":true,"href":"https:\/\/vidao.mx\/en\/wp-json\/wp\/v2\/media\/8007"}],"wp:attachment":[{"href":"https:\/\/vidao.mx\/en\/wp-json\/wp\/v2\/media?parent=8003"}],"wp:term":[{"taxonomy":"product_brand","embeddable":true,"href":"https:\/\/vidao.mx\/en\/wp-json\/wp\/v2\/product_brand?post=8003"},{"taxonomy":"product_cat","embeddable":true,"href":"https:\/\/vidao.mx\/en\/wp-json\/wp\/v2\/product_cat?post=8003"},{"taxonomy":"product_tag","embeddable":true,"href":"https:\/\/vidao.mx\/en\/wp-json\/wp\/v2\/product_tag?post=8003"}],"curies":[{"name":"wp","href":"https:\/\/api.w.org\/{rel}","templated":true}]}}