{"id":8067,"date":"2025-06-05T22:57:14","date_gmt":"2025-06-05T22:57:14","guid":{"rendered":"https:\/\/vidao.mx\/?post_type=product&#038;p=8067"},"modified":"2026-03-26T18:54:09","modified_gmt":"2026-03-26T18:54:09","slug":"ensaladera-kraft-44-oz","status":"publish","type":"product","link":"https:\/\/vidao.mx\/en\/product\/ensaladera-kraft-44-oz\/","title":{"rendered":"Ensaladera kraft 44 oz"},"content":{"rendered":"<p data-sourcepos=\"4:1-4:353\">Nuestras <strong>ensaladeras de papel kraft<\/strong> son la elecci\u00f3n perfecta para servir tus creaciones frescas y saludables. Con un dise\u00f1o robusto y natural, son ideales para ensaladas, bowls de granos o cualquier platillo fr\u00edo que quieras presentar con un toque r\u00fastico y eco-consciente. Son resistentes y pr\u00e1cticas, perfectas para llevar o disfrutar en el lugar.<\/p>","protected":false},"excerpt":{"rendered":"<p>Nuestras ensaladeras de papel kraft son la elecci\u00f3n perfecta para servir tus creaciones frescas y saludables. Con un dise\u00f1o robusto y natural, son ideales para ensaladas, bowls de granos o cualquier platillo fr\u00edo que quieras presentar con un toque r\u00fastico y eco-consciente. Son resistentes y pr\u00e1cticas, perfectas para llevar o disfrutar en el lugar.<\/p>","protected":false},"featured_media":8054,"comment_status":"closed","ping_status":"closed","template":"","meta":[],"product_brand":[],"product_cat":[190,174,195],"product_tag":[],"class_list":{"0":"post-8067","1":"product","2":"type-product","3":"status-publish","4":"has-post-thumbnail","6":"product_cat-ensaladeras","7":"product_cat-papel-kraft","8":"product_cat-papel-kraft-2","10":"first","11":"instock","12":"taxable","13":"shipping-taxable","14":"purchasable","15":"product-type-variable","16":"has-default-attributes"},"aioseo_notices":[],"jetpack_sharing_enabled":true,"_links":{"self":[{"href":"https:\/\/vidao.mx\/en\/wp-json\/wp\/v2\/product\/8067","targetHints":{"allow":["GET"]}}],"collection":[{"href":"https:\/\/vidao.mx\/en\/wp-json\/wp\/v2\/product"}],"about":[{"href":"https:\/\/vidao.mx\/en\/wp-json\/wp\/v2\/types\/product"}],"replies":[{"embeddable":true,"href":"https:\/\/vidao.mx\/en\/wp-json\/wp\/v2\/comments?post=8067"}],"wp:featuredmedia":[{"embeddable":true,"href":"https:\/\/vidao.mx\/en\/wp-json\/wp\/v2\/media\/8054"}],"wp:attachment":[{"href":"https:\/\/vidao.mx\/en\/wp-json\/wp\/v2\/media?parent=8067"}],"wp:term":[{"taxonomy":"product_brand","embeddable":true,"href":"https:\/\/vidao.mx\/en\/wp-json\/wp\/v2\/product_brand?post=8067"},{"taxonomy":"product_cat","embeddable":true,"href":"https:\/\/vidao.mx\/en\/wp-json\/wp\/v2\/product_cat?post=8067"},{"taxonomy":"product_tag","embeddable":true,"href":"https:\/\/vidao.mx\/en\/wp-json\/wp\/v2\/product_tag?post=8067"}],"curies":[{"name":"wp","href":"https:\/\/api.w.org\/{rel}","templated":true}]}}