{"id":8079,"date":"2025-06-06T18:23:38","date_gmt":"2025-06-06T18:23:38","guid":{"rendered":"https:\/\/vidao.mx\/?post_type=product&#038;p=8079"},"modified":"2026-03-26T19:22:20","modified_gmt":"2026-03-26T19:22:20","slug":"tenedor-mediano-bio","status":"publish","type":"product","link":"https:\/\/vidao.mx\/en\/product\/tenedor-mediano-bio\/","title":{"rendered":"Tenedor mediano bio"},"content":{"rendered":"<p data-sourcepos=\"4:1-4:353\">Descubre nuestros <strong>cubiertos de f\u00e9cula de ma\u00edz<\/strong>, la alternativa biodegradable y resistente que buscas para tus comidas. Son una opci\u00f3n sostenible y funcional, ideales para cualquier tipo de alimento, ya sea fr\u00edo o caliente. Disfruta de la comodidad de los desechables con la tranquilidad de saber que est\u00e1s eligiendo un producto amigable con el planeta.<\/p>","protected":false},"excerpt":{"rendered":"<p>Descubre nuestros cubiertos de f\u00e9cula de ma\u00edz, la alternativa biodegradable y resistente que buscas para tus comidas. Son una opci\u00f3n sostenible y funcional, ideales para cualquier tipo de alimento, ya sea fr\u00edo o caliente. Disfruta de la comodidad de los desechables con la tranquilidad de saber que est\u00e1s eligiendo un producto amigable con el planeta.<\/p>","protected":false},"featured_media":8078,"comment_status":"closed","ping_status":"closed","template":"","meta":[],"product_brand":[],"product_cat":[197,175,194],"product_tag":[],"class_list":{"0":"post-8079","1":"product","2":"type-product","3":"status-publish","4":"has-post-thumbnail","6":"product_cat-cubiertos","7":"product_cat-cubiertos-de-fecula","8":"product_cat-fecula-de-maiz","10":"first","11":"instock","12":"taxable","13":"shipping-taxable","14":"purchasable","15":"product-type-variable","16":"has-default-attributes"},"aioseo_notices":[],"jetpack_sharing_enabled":true,"_links":{"self":[{"href":"https:\/\/vidao.mx\/en\/wp-json\/wp\/v2\/product\/8079","targetHints":{"allow":["GET"]}}],"collection":[{"href":"https:\/\/vidao.mx\/en\/wp-json\/wp\/v2\/product"}],"about":[{"href":"https:\/\/vidao.mx\/en\/wp-json\/wp\/v2\/types\/product"}],"replies":[{"embeddable":true,"href":"https:\/\/vidao.mx\/en\/wp-json\/wp\/v2\/comments?post=8079"}],"wp:featuredmedia":[{"embeddable":true,"href":"https:\/\/vidao.mx\/en\/wp-json\/wp\/v2\/media\/8078"}],"wp:attachment":[{"href":"https:\/\/vidao.mx\/en\/wp-json\/wp\/v2\/media?parent=8079"}],"wp:term":[{"taxonomy":"product_brand","embeddable":true,"href":"https:\/\/vidao.mx\/en\/wp-json\/wp\/v2\/product_brand?post=8079"},{"taxonomy":"product_cat","embeddable":true,"href":"https:\/\/vidao.mx\/en\/wp-json\/wp\/v2\/product_cat?post=8079"},{"taxonomy":"product_tag","embeddable":true,"href":"https:\/\/vidao.mx\/en\/wp-json\/wp\/v2\/product_tag?post=8079"}],"curies":[{"name":"wp","href":"https:\/\/api.w.org\/{rel}","templated":true}]}}