{"id":8111,"date":"2025-06-06T18:51:24","date_gmt":"2025-06-06T18:51:24","guid":{"rendered":"https:\/\/vidao.mx\/?post_type=product&#038;p=8111"},"modified":"2026-03-26T18:51:26","modified_gmt":"2026-03-26T18:51:26","slug":"plato-cuadrado-6","status":"publish","type":"product","link":"https:\/\/vidao.mx\/en\/product\/plato-cuadrado-6\/","title":{"rendered":"Plato cuadrado 6&#8243;"},"content":{"rendered":"<p data-sourcepos=\"4:1-4:396\">Nuestros <strong>platos de ca\u00f1a de az\u00facar<\/strong> son la alternativa perfecta para tus eventos y comidas diarias. Fabricados a partir de un residuo renovable, son robustos, resistentes y capaces de soportar temperaturas de hasta 120\u00b0C. Ideales para alimentos s\u00f3lidos, no desprenden aromas ni sabores, y se biodegradan completamente en composta en solo 2 a 3 meses, ofreciendo una opci\u00f3n ecol\u00f3gica y pr\u00e1ctica.<\/p>","protected":false},"excerpt":{"rendered":"<p>Nuestros platos de ca\u00f1a de az\u00facar son la alternativa perfecta para tus eventos y comidas diarias. Fabricados a partir de un residuo renovable, son robustos, resistentes y capaces de soportar temperaturas de hasta 120\u00b0C. Ideales para alimentos s\u00f3lidos, no desprenden aromas ni sabores, y se biodegradan completamente en composta en solo 2 a 3 meses, [&hellip;]<\/p>\n","protected":false},"featured_media":8286,"comment_status":"closed","ping_status":"closed","template":"","meta":[],"product_brand":[],"product_cat":[193,187,176],"product_tag":[],"class_list":{"0":"post-8111","1":"product","2":"type-product","3":"status-publish","4":"has-post-thumbnail","6":"product_cat-bagazo","7":"product_cat-platos","8":"product_cat-platos-de-bagazo","10":"first","11":"instock","12":"taxable","13":"shipping-taxable","14":"purchasable","15":"product-type-variable","16":"has-default-attributes"},"aioseo_notices":[],"jetpack_sharing_enabled":true,"_links":{"self":[{"href":"https:\/\/vidao.mx\/en\/wp-json\/wp\/v2\/product\/8111","targetHints":{"allow":["GET"]}}],"collection":[{"href":"https:\/\/vidao.mx\/en\/wp-json\/wp\/v2\/product"}],"about":[{"href":"https:\/\/vidao.mx\/en\/wp-json\/wp\/v2\/types\/product"}],"replies":[{"embeddable":true,"href":"https:\/\/vidao.mx\/en\/wp-json\/wp\/v2\/comments?post=8111"}],"wp:featuredmedia":[{"embeddable":true,"href":"https:\/\/vidao.mx\/en\/wp-json\/wp\/v2\/media\/8286"}],"wp:attachment":[{"href":"https:\/\/vidao.mx\/en\/wp-json\/wp\/v2\/media?parent=8111"}],"wp:term":[{"taxonomy":"product_brand","embeddable":true,"href":"https:\/\/vidao.mx\/en\/wp-json\/wp\/v2\/product_brand?post=8111"},{"taxonomy":"product_cat","embeddable":true,"href":"https:\/\/vidao.mx\/en\/wp-json\/wp\/v2\/product_cat?post=8111"},{"taxonomy":"product_tag","embeddable":true,"href":"https:\/\/vidao.mx\/en\/wp-json\/wp\/v2\/product_tag?post=8111"}],"curies":[{"name":"wp","href":"https:\/\/api.w.org\/{rel}","templated":true}]}}