{"id":8119,"date":"2025-06-06T18:57:04","date_gmt":"2025-06-06T18:57:04","guid":{"rendered":"https:\/\/vidao.mx\/?post_type=product&#038;p=8119"},"modified":"2026-03-26T19:09:43","modified_gmt":"2026-03-26T19:09:43","slug":"tazon-tipo-bowl-8-oz","status":"publish","type":"product","link":"https:\/\/vidao.mx\/en\/product\/tazon-tipo-bowl-8-oz\/","title":{"rendered":"Taz\u00f3n tipo bowl 8 oz"},"content":{"rendered":"<p data-sourcepos=\"4:1-4:396\">Nuestros <strong>tazones tipo bowl de ca\u00f1a de az\u00facar<\/strong> son ideales para alimentos s\u00f3lidos. Fabricados con un residuo renovable, son incre\u00edblemente resistentes y capaces de soportar altas temperaturas (hasta 120 \u00b0C). No desprenden sabores ni olores, son una opci\u00f3n sostenible que se biodegrada en composta en solo 2 a 3 meses, ofreciendo una soluci\u00f3n pr\u00e1ctica y ecol\u00f3gica para cualquier comida.<\/p>","protected":false},"excerpt":{"rendered":"<p>Nuestros tazones tipo bowl de ca\u00f1a de az\u00facar son ideales para alimentos s\u00f3lidos. Fabricados con un residuo renovable, son incre\u00edblemente resistentes y capaces de soportar altas temperaturas (hasta 120 \u00b0C). No desprenden sabores ni olores, son una opci\u00f3n sostenible que se biodegrada en composta en solo 2 a 3 meses, ofreciendo una soluci\u00f3n pr\u00e1ctica y [&hellip;]<\/p>\n","protected":false},"featured_media":8121,"comment_status":"closed","ping_status":"closed","template":"","meta":[],"product_brand":[],"product_cat":[193,189,176],"product_tag":[],"class_list":{"0":"post-8119","1":"product","2":"type-product","3":"status-publish","4":"has-post-thumbnail","6":"product_cat-bagazo","7":"product_cat-bowls","8":"product_cat-platos-de-bagazo","10":"first","11":"instock","12":"taxable","13":"shipping-taxable","14":"purchasable","15":"product-type-variable","16":"has-default-attributes"},"aioseo_notices":[],"jetpack_sharing_enabled":true,"_links":{"self":[{"href":"https:\/\/vidao.mx\/en\/wp-json\/wp\/v2\/product\/8119","targetHints":{"allow":["GET"]}}],"collection":[{"href":"https:\/\/vidao.mx\/en\/wp-json\/wp\/v2\/product"}],"about":[{"href":"https:\/\/vidao.mx\/en\/wp-json\/wp\/v2\/types\/product"}],"replies":[{"embeddable":true,"href":"https:\/\/vidao.mx\/en\/wp-json\/wp\/v2\/comments?post=8119"}],"wp:featuredmedia":[{"embeddable":true,"href":"https:\/\/vidao.mx\/en\/wp-json\/wp\/v2\/media\/8121"}],"wp:attachment":[{"href":"https:\/\/vidao.mx\/en\/wp-json\/wp\/v2\/media?parent=8119"}],"wp:term":[{"taxonomy":"product_brand","embeddable":true,"href":"https:\/\/vidao.mx\/en\/wp-json\/wp\/v2\/product_brand?post=8119"},{"taxonomy":"product_cat","embeddable":true,"href":"https:\/\/vidao.mx\/en\/wp-json\/wp\/v2\/product_cat?post=8119"},{"taxonomy":"product_tag","embeddable":true,"href":"https:\/\/vidao.mx\/en\/wp-json\/wp\/v2\/product_tag?post=8119"}],"curies":[{"name":"wp","href":"https:\/\/api.w.org\/{rel}","templated":true}]}}