{"id":8130,"date":"2025-06-06T19:09:19","date_gmt":"2025-06-06T19:09:19","guid":{"rendered":"https:\/\/vidao.mx\/?post_type=product&#038;p=8130"},"modified":"2026-03-26T19:21:41","modified_gmt":"2026-03-26T19:21:41","slug":"contenedor-hamburguesero-6x6","status":"publish","type":"product","link":"https:\/\/vidao.mx\/en\/product\/contenedor-hamburguesero-6x6\/","title":{"rendered":"Contenedor hamburguesero 6&#215;6"},"content":{"rendered":"<p data-sourcepos=\"4:1-4:393\">Nuestras <strong>almejas de bagazo<\/strong> son la soluci\u00f3n perfecta para empacar y transportar tus alimentos de forma segura y sostenible. Hechas de residuo de ca\u00f1a de az\u00facar, son resistentes y conservan la temperatura de tus comidas, manteniendo su sabor y frescura. Son ideales para llevar, no desprenden olores ni sabores, y se biodegradan r\u00e1pidamente, ofreciendo una alternativa ecol\u00f3gica y funcional.<\/p>","protected":false},"excerpt":{"rendered":"<p>Nuestras almejas de bagazo son la soluci\u00f3n perfecta para empacar y transportar tus alimentos de forma segura y sostenible. Hechas de residuo de ca\u00f1a de az\u00facar, son resistentes y conservan la temperatura de tus comidas, manteniendo su sabor y frescura. Son ideales para llevar, no desprenden olores ni sabores, y se biodegradan r\u00e1pidamente, ofreciendo una [&hellip;]<\/p>\n","protected":false},"featured_media":8132,"comment_status":"closed","ping_status":"closed","template":"","meta":[],"product_brand":[],"product_cat":[193,196,177],"product_tag":[],"class_list":{"0":"post-8130","1":"product","2":"type-product","3":"status-publish","4":"has-post-thumbnail","6":"product_cat-bagazo","7":"product_cat-contenedores","8":"product_cat-contenedores-de-bagazo","10":"first","11":"instock","12":"taxable","13":"shipping-taxable","14":"purchasable","15":"product-type-variable","16":"has-default-attributes"},"aioseo_notices":[],"jetpack_sharing_enabled":true,"_links":{"self":[{"href":"https:\/\/vidao.mx\/en\/wp-json\/wp\/v2\/product\/8130","targetHints":{"allow":["GET"]}}],"collection":[{"href":"https:\/\/vidao.mx\/en\/wp-json\/wp\/v2\/product"}],"about":[{"href":"https:\/\/vidao.mx\/en\/wp-json\/wp\/v2\/types\/product"}],"replies":[{"embeddable":true,"href":"https:\/\/vidao.mx\/en\/wp-json\/wp\/v2\/comments?post=8130"}],"wp:featuredmedia":[{"embeddable":true,"href":"https:\/\/vidao.mx\/en\/wp-json\/wp\/v2\/media\/8132"}],"wp:attachment":[{"href":"https:\/\/vidao.mx\/en\/wp-json\/wp\/v2\/media?parent=8130"}],"wp:term":[{"taxonomy":"product_brand","embeddable":true,"href":"https:\/\/vidao.mx\/en\/wp-json\/wp\/v2\/product_brand?post=8130"},{"taxonomy":"product_cat","embeddable":true,"href":"https:\/\/vidao.mx\/en\/wp-json\/wp\/v2\/product_cat?post=8130"},{"taxonomy":"product_tag","embeddable":true,"href":"https:\/\/vidao.mx\/en\/wp-json\/wp\/v2\/product_tag?post=8130"}],"curies":[{"name":"wp","href":"https:\/\/api.w.org\/{rel}","templated":true}]}}