{"id":8167,"date":"2025-06-06T19:58:27","date_gmt":"2025-06-06T19:58:27","guid":{"rendered":"https:\/\/vidao.mx\/?post_type=product&#038;p=8167"},"modified":"2026-03-26T19:19:55","modified_gmt":"2026-03-26T19:19:55","slug":"tapa-para-ensaladera-bowl-32-oz","status":"publish","type":"product","link":"https:\/\/vidao.mx\/en\/product\/tapa-para-ensaladera-bowl-32-oz\/","title":{"rendered":"Tapa para ensaladera bowl 32 oz"},"content":{"rendered":"<p data-sourcepos=\"4:1-4:393\">Nuestras <strong>ensaladeras de bagazo<\/strong> son la elecci\u00f3n perfecta para servir tus ensaladas frescas y bowls. Fabricadas a partir del residuo renovable de la ca\u00f1a de az\u00facar, son robustas y resistentes, ideales para mantener tus alimentos seguros. No desprenden aromas ni sabores, y se biodegradan r\u00e1pidamente en composta, ofreciendo una soluci\u00f3n pr\u00e1ctica y <strong>ecol\u00f3gica<\/strong> para tus necesidades de servicio.<\/p>","protected":false},"excerpt":{"rendered":"<p>Nuestras ensaladeras de bagazo son la elecci\u00f3n perfecta para servir tus ensaladas frescas y bowls. Fabricadas a partir del residuo renovable de la ca\u00f1a de az\u00facar, son robustas y resistentes, ideales para mantener tus alimentos seguros. No desprenden aromas ni sabores, y se biodegradan r\u00e1pidamente en composta, ofreciendo una soluci\u00f3n pr\u00e1ctica y ecol\u00f3gica para tus [&hellip;]<\/p>\n","protected":false},"featured_media":8170,"comment_status":"closed","ping_status":"closed","template":"","meta":[],"product_brand":[],"product_cat":[193,190,178],"product_tag":[],"class_list":{"0":"post-8167","1":"product","2":"type-product","3":"status-publish","4":"has-post-thumbnail","6":"product_cat-bagazo","7":"product_cat-ensaladeras","8":"product_cat-ensaladeras-de-bagazo","10":"first","11":"instock","12":"taxable","13":"shipping-taxable","14":"purchasable","15":"product-type-variable","16":"has-default-attributes"},"aioseo_notices":[],"jetpack_sharing_enabled":true,"_links":{"self":[{"href":"https:\/\/vidao.mx\/en\/wp-json\/wp\/v2\/product\/8167","targetHints":{"allow":["GET"]}}],"collection":[{"href":"https:\/\/vidao.mx\/en\/wp-json\/wp\/v2\/product"}],"about":[{"href":"https:\/\/vidao.mx\/en\/wp-json\/wp\/v2\/types\/product"}],"replies":[{"embeddable":true,"href":"https:\/\/vidao.mx\/en\/wp-json\/wp\/v2\/comments?post=8167"}],"wp:featuredmedia":[{"embeddable":true,"href":"https:\/\/vidao.mx\/en\/wp-json\/wp\/v2\/media\/8170"}],"wp:attachment":[{"href":"https:\/\/vidao.mx\/en\/wp-json\/wp\/v2\/media?parent=8167"}],"wp:term":[{"taxonomy":"product_brand","embeddable":true,"href":"https:\/\/vidao.mx\/en\/wp-json\/wp\/v2\/product_brand?post=8167"},{"taxonomy":"product_cat","embeddable":true,"href":"https:\/\/vidao.mx\/en\/wp-json\/wp\/v2\/product_cat?post=8167"},{"taxonomy":"product_tag","embeddable":true,"href":"https:\/\/vidao.mx\/en\/wp-json\/wp\/v2\/product_tag?post=8167"}],"curies":[{"name":"wp","href":"https:\/\/api.w.org\/{rel}","templated":true}]}}