{"id":8299,"date":"2025-06-16T21:39:07","date_gmt":"2025-06-16T21:39:07","guid":{"rendered":"https:\/\/vidao.mx\/?post_type=product&#038;p=8299"},"modified":"2026-03-26T19:18:45","modified_gmt":"2026-03-26T19:18:45","slug":"contenedor-food-box-500","status":"publish","type":"product","link":"https:\/\/vidao.mx\/en\/product\/contenedor-food-box-500\/","title":{"rendered":"Contenedor food box 500"},"content":{"rendered":"<p data-sourcepos=\"4:1-4:393\">Nuestras <strong>ensaladeras\u00a0de bagazo<\/strong> son la soluci\u00f3n perfecta para empacar y transportar tus alimentos de forma segura y sostenible. Hechas de residuo de ca\u00f1a de az\u00facar, son resistentes y conservan la temperatura de tus comidas, manteniendo su sabor y frescura. Son ideales para llevar, no desprenden olores ni sabores, y se biodegradan r\u00e1pidamente, ofreciendo una alternativa ecol\u00f3gica y funcional.<\/p>","protected":false},"excerpt":{"rendered":"<p>Nuestras ensaladeras\u00a0de bagazo son la soluci\u00f3n perfecta para empacar y transportar tus alimentos de forma segura y sostenible. Hechas de residuo de ca\u00f1a de az\u00facar, son resistentes y conservan la temperatura de tus comidas, manteniendo su sabor y frescura. Son ideales para llevar, no desprenden olores ni sabores, y se biodegradan r\u00e1pidamente, ofreciendo una alternativa [&hellip;]<\/p>\n","protected":false},"featured_media":8301,"comment_status":"closed","ping_status":"closed","template":"","meta":[],"product_brand":[],"product_cat":[193,178],"product_tag":[],"class_list":{"0":"post-8299","1":"product","2":"type-product","3":"status-publish","4":"has-post-thumbnail","6":"product_cat-bagazo","7":"product_cat-ensaladeras-de-bagazo","9":"first","10":"instock","11":"taxable","12":"shipping-taxable","13":"purchasable","14":"product-type-variable","15":"has-default-attributes"},"aioseo_notices":[],"jetpack_sharing_enabled":true,"_links":{"self":[{"href":"https:\/\/vidao.mx\/en\/wp-json\/wp\/v2\/product\/8299","targetHints":{"allow":["GET"]}}],"collection":[{"href":"https:\/\/vidao.mx\/en\/wp-json\/wp\/v2\/product"}],"about":[{"href":"https:\/\/vidao.mx\/en\/wp-json\/wp\/v2\/types\/product"}],"replies":[{"embeddable":true,"href":"https:\/\/vidao.mx\/en\/wp-json\/wp\/v2\/comments?post=8299"}],"wp:featuredmedia":[{"embeddable":true,"href":"https:\/\/vidao.mx\/en\/wp-json\/wp\/v2\/media\/8301"}],"wp:attachment":[{"href":"https:\/\/vidao.mx\/en\/wp-json\/wp\/v2\/media?parent=8299"}],"wp:term":[{"taxonomy":"product_brand","embeddable":true,"href":"https:\/\/vidao.mx\/en\/wp-json\/wp\/v2\/product_brand?post=8299"},{"taxonomy":"product_cat","embeddable":true,"href":"https:\/\/vidao.mx\/en\/wp-json\/wp\/v2\/product_cat?post=8299"},{"taxonomy":"product_tag","embeddable":true,"href":"https:\/\/vidao.mx\/en\/wp-json\/wp\/v2\/product_tag?post=8299"}],"curies":[{"name":"wp","href":"https:\/\/api.w.org\/{rel}","templated":true}]}}