{"id":8327,"date":"2025-06-18T17:13:47","date_gmt":"2025-06-18T17:13:47","guid":{"rendered":"https:\/\/vidao.mx\/?post_type=product&#038;p=8327"},"modified":"2026-03-26T19:17:34","modified_gmt":"2026-03-26T19:17:34","slug":"vaso-souffle-3-25-oz","status":"publish","type":"product","link":"https:\/\/vidao.mx\/en\/product\/vaso-souffle-3-25-oz\/","title":{"rendered":"Vaso souffl\u00e9 3.25 oz"},"content":{"rendered":"<p data-sourcepos=\"4:1-4:393\">Nuestros <strong>vasos souffl\u00e9 de polipropileno<\/strong> son una soluci\u00f3n vers\u00e1til y duradera para tus aderezos, salsas, gelatinas o muestras de alimentos. Resistentes y aptos para microondas, ofrecen la flexibilidad necesaria para servir tanto preparaciones fr\u00edas como calientes. Son una opci\u00f3n pr\u00e1ctica y confiable para tu negocio o evento.<\/p>","protected":false},"excerpt":{"rendered":"<p>Nuestros vasos souffl\u00e9 de polipropileno son una soluci\u00f3n vers\u00e1til y duradera para tus aderezos, salsas, gelatinas o muestras de alimentos. Resistentes y aptos para microondas, ofrecen la flexibilidad necesaria para servir tanto preparaciones fr\u00edas como calientes. Son una opci\u00f3n pr\u00e1ctica y confiable para tu negocio o evento.<\/p>","protected":false},"featured_media":8330,"comment_status":"closed","ping_status":"closed","template":"","meta":[],"product_brand":[],"product_cat":[204,203,201,205,188],"product_tag":[],"class_list":{"0":"post-8327","1":"product","2":"type-product","3":"status-publish","4":"has-post-thumbnail","6":"product_cat-envases","7":"product_cat-envases-de-plastico","8":"product_cat-polipropileno","9":"product_cat-souffle-de-pet","10":"product_cat-vasos","12":"first","13":"instock","14":"taxable","15":"shipping-taxable","16":"purchasable","17":"product-type-variable","18":"has-default-attributes"},"aioseo_notices":[],"jetpack_sharing_enabled":true,"_links":{"self":[{"href":"https:\/\/vidao.mx\/en\/wp-json\/wp\/v2\/product\/8327","targetHints":{"allow":["GET"]}}],"collection":[{"href":"https:\/\/vidao.mx\/en\/wp-json\/wp\/v2\/product"}],"about":[{"href":"https:\/\/vidao.mx\/en\/wp-json\/wp\/v2\/types\/product"}],"replies":[{"embeddable":true,"href":"https:\/\/vidao.mx\/en\/wp-json\/wp\/v2\/comments?post=8327"}],"wp:featuredmedia":[{"embeddable":true,"href":"https:\/\/vidao.mx\/en\/wp-json\/wp\/v2\/media\/8330"}],"wp:attachment":[{"href":"https:\/\/vidao.mx\/en\/wp-json\/wp\/v2\/media?parent=8327"}],"wp:term":[{"taxonomy":"product_brand","embeddable":true,"href":"https:\/\/vidao.mx\/en\/wp-json\/wp\/v2\/product_brand?post=8327"},{"taxonomy":"product_cat","embeddable":true,"href":"https:\/\/vidao.mx\/en\/wp-json\/wp\/v2\/product_cat?post=8327"},{"taxonomy":"product_tag","embeddable":true,"href":"https:\/\/vidao.mx\/en\/wp-json\/wp\/v2\/product_tag?post=8327"}],"curies":[{"name":"wp","href":"https:\/\/api.w.org\/{rel}","templated":true}]}}