{"id":8365,"date":"2025-06-18T17:50:58","date_gmt":"2025-06-18T17:50:58","guid":{"rendered":"https:\/\/vidao.mx\/?post_type=product&#038;p=8365"},"modified":"2026-03-26T19:10:34","modified_gmt":"2026-03-26T19:10:34","slug":"tapa-para-souffle-4-oz-de-fecula","status":"publish","type":"product","link":"https:\/\/vidao.mx\/en\/product\/tapa-para-souffle-4-oz-de-fecula\/","title":{"rendered":"Tapa para souffl\u00e9 4 oz de f\u00e9cula"},"content":{"rendered":"<p data-sourcepos=\"4:1-4:393\">Nuestros <strong>vasos souffl\u00e9 de f\u00e9cula de ma\u00edz<\/strong> son la opci\u00f3n m\u00e1s ecol\u00f3gica para tus aderezos, salsas o peque\u00f1as porciones. Fabricados con un material 100% biodegradable y compostable, son una alternativa sostenible a los pl\u00e1sticos convencionales. Son ideales para negocios que buscan reducir su impacto ambiental sin sacrificar la funcionalidad, ofreciendo una presentaci\u00f3n clara y responsable para tus productos.<\/p>","protected":false},"excerpt":{"rendered":"<p>Nuestros vasos souffl\u00e9 de f\u00e9cula de ma\u00edz son la opci\u00f3n m\u00e1s ecol\u00f3gica para tus aderezos, salsas o peque\u00f1as porciones. Fabricados con un material 100% biodegradable y compostable, son una alternativa sostenible a los pl\u00e1sticos convencionales. Son ideales para negocios que buscan reducir su impacto ambiental sin sacrificar la funcionalidad, ofreciendo una presentaci\u00f3n clara y responsable [&hellip;]<\/p>\n","protected":false},"featured_media":8363,"comment_status":"closed","ping_status":"closed","template":"","meta":[],"product_brand":[],"product_cat":[204,194,206,188],"product_tag":[],"class_list":{"0":"post-8365","1":"product","2":"type-product","3":"status-publish","4":"has-post-thumbnail","6":"product_cat-envases","7":"product_cat-fecula-de-maiz","8":"product_cat-souffle-fecula","9":"product_cat-vasos","11":"first","12":"instock","13":"taxable","14":"shipping-taxable","15":"purchasable","16":"product-type-variable","17":"has-default-attributes"},"aioseo_notices":[],"jetpack_sharing_enabled":true,"_links":{"self":[{"href":"https:\/\/vidao.mx\/en\/wp-json\/wp\/v2\/product\/8365","targetHints":{"allow":["GET"]}}],"collection":[{"href":"https:\/\/vidao.mx\/en\/wp-json\/wp\/v2\/product"}],"about":[{"href":"https:\/\/vidao.mx\/en\/wp-json\/wp\/v2\/types\/product"}],"replies":[{"embeddable":true,"href":"https:\/\/vidao.mx\/en\/wp-json\/wp\/v2\/comments?post=8365"}],"wp:featuredmedia":[{"embeddable":true,"href":"https:\/\/vidao.mx\/en\/wp-json\/wp\/v2\/media\/8363"}],"wp:attachment":[{"href":"https:\/\/vidao.mx\/en\/wp-json\/wp\/v2\/media?parent=8365"}],"wp:term":[{"taxonomy":"product_brand","embeddable":true,"href":"https:\/\/vidao.mx\/en\/wp-json\/wp\/v2\/product_brand?post=8365"},{"taxonomy":"product_cat","embeddable":true,"href":"https:\/\/vidao.mx\/en\/wp-json\/wp\/v2\/product_cat?post=8365"},{"taxonomy":"product_tag","embeddable":true,"href":"https:\/\/vidao.mx\/en\/wp-json\/wp\/v2\/product_tag?post=8365"}],"curies":[{"name":"wp","href":"https:\/\/api.w.org\/{rel}","templated":true}]}}