{"id":8384,"date":"2025-06-18T18:23:09","date_gmt":"2025-06-18T18:23:09","guid":{"rendered":"https:\/\/vidao.mx\/?post_type=product&#038;p=8384"},"modified":"2026-03-26T19:14:38","modified_gmt":"2026-03-26T19:14:38","slug":"vaso-pet-16-oz","status":"publish","type":"product","link":"https:\/\/vidao.mx\/en\/product\/vaso-pet-16-oz\/","title":{"rendered":"Vaso PET 16 oz"},"content":{"rendered":"<p data-sourcepos=\"4:1-4:393\">Nuestros <strong>vasos de PET<\/strong> son la elecci\u00f3n ideal para tus bebidas fr\u00edas. Gracias a su <strong>transparencia cristalina<\/strong>, realzan el color y la apariencia de cualquier l\u00edquido, desde refrescos y jugos hasta smoothies y cervezas. Son <strong>ligeros, resistentes<\/strong> y una opci\u00f3n popular para cafeter\u00edas, restaurantes y eventos, garantizando una presentaci\u00f3n atractiva y pr\u00e1ctica.<\/p>","protected":false},"excerpt":{"rendered":"<p>Nuestros vasos de PET son la elecci\u00f3n ideal para tus bebidas fr\u00edas. Gracias a su transparencia cristalina, realzan el color y la apariencia de cualquier l\u00edquido, desde refrescos y jugos hasta smoothies y cervezas. Son ligeros, resistentes y una opci\u00f3n popular para cafeter\u00edas, restaurantes y eventos, garantizando una presentaci\u00f3n atractiva y pr\u00e1ctica.<\/p>","protected":false},"featured_media":8388,"comment_status":"closed","ping_status":"closed","template":"","meta":[],"product_brand":[],"product_cat":[200,188,202],"product_tag":[],"class_list":{"0":"post-8384","1":"product","2":"type-product","3":"status-publish","4":"has-post-thumbnail","6":"product_cat-pet","7":"product_cat-vasos","8":"product_cat-vasos-de-pet","10":"first","11":"instock","12":"taxable","13":"shipping-taxable","14":"purchasable","15":"product-type-variable","16":"has-default-attributes"},"aioseo_notices":[],"jetpack_sharing_enabled":true,"_links":{"self":[{"href":"https:\/\/vidao.mx\/en\/wp-json\/wp\/v2\/product\/8384","targetHints":{"allow":["GET"]}}],"collection":[{"href":"https:\/\/vidao.mx\/en\/wp-json\/wp\/v2\/product"}],"about":[{"href":"https:\/\/vidao.mx\/en\/wp-json\/wp\/v2\/types\/product"}],"replies":[{"embeddable":true,"href":"https:\/\/vidao.mx\/en\/wp-json\/wp\/v2\/comments?post=8384"}],"wp:featuredmedia":[{"embeddable":true,"href":"https:\/\/vidao.mx\/en\/wp-json\/wp\/v2\/media\/8388"}],"wp:attachment":[{"href":"https:\/\/vidao.mx\/en\/wp-json\/wp\/v2\/media?parent=8384"}],"wp:term":[{"taxonomy":"product_brand","embeddable":true,"href":"https:\/\/vidao.mx\/en\/wp-json\/wp\/v2\/product_brand?post=8384"},{"taxonomy":"product_cat","embeddable":true,"href":"https:\/\/vidao.mx\/en\/wp-json\/wp\/v2\/product_cat?post=8384"},{"taxonomy":"product_tag","embeddable":true,"href":"https:\/\/vidao.mx\/en\/wp-json\/wp\/v2\/product_tag?post=8384"}],"curies":[{"name":"wp","href":"https:\/\/api.w.org\/{rel}","templated":true}]}}